{"id":2524,"date":"2024-12-25T10:02:25","date_gmt":"2024-12-25T10:02:25","guid":{"rendered":"https:\/\/cyclecraft.qodeinteractive.com\/?page_id=2524"},"modified":"2025-09-15T03:07:07","modified_gmt":"2025-09-15T01:07:07","slug":"contact-us","status":"publish","type":"page","link":"https:\/\/mediaagentur-weisslein-testserver.de\/fahrzeug-bogner\/contact-us\/","title":{"rendered":"KOntakt"},"content":{"rendered":"\t\t<div data-elementor-type=\"wp-page\" data-elementor-id=\"2524\" class=\"elementor elementor-2524\" data-elementor-post-type=\"page\">\n\t\t\t\t<div class=\"elementor-element elementor-element-24958d6 e-con-full qodef-elementor-content-grid e-flex e-con e-parent\" data-id=\"24958d6\" data-element_type=\"container\">\n\t\t\t\t<div class=\"elementor-element elementor-element-74fcaf2 elementor-widget elementor-widget-cyclecraft_core_google_map\" data-id=\"74fcaf2\" data-element_type=\"widget\" data-widget_type=\"cyclecraft_core_google_map.default\">\n\t\t\t\t<div class=\"elementor-widget-container\">\n\t\t\t\t\t<div class=\"qodef-shortcode qodef-m qodef-google-map\">\n\t<div class=\"qodef-m-map\" id=\"qodef-map-id--70\" data-addresses='[\"61 Russell square london wc1b 5bb Great Britain\"]' data-pin=https:\/\/mediaagentur-weisslein-testserver.de\/fahrzeug-bogner\/wp-content\/uploads\/2025\/07\/pin-img.png data-unique-id=70 data-height=600px><\/div>\n<\/div>\n\t\t\t\t<\/div>\n\t\t\t\t<\/div>\n\t\t\t\t<\/div>\n\t\t<div class=\"elementor-element elementor-element-8b0cf0b e-con-full qodef-elementor-content-grid e-flex e-con e-parent\" data-id=\"8b0cf0b\" data-element_type=\"container\">\n\t\t<div class=\"elementor-element elementor-element-e32cb58 e-con-full e-flex e-con e-child\" data-id=\"e32cb58\" data-element_type=\"container\">\n\t\t<div class=\"elementor-element elementor-element-612deee e-con-full e-flex e-con e-child\" data-id=\"612deee\" data-element_type=\"container\">\n\t\t\t\t<div class=\"elementor-element elementor-element-749655a elementor-widget elementor-widget-cyclecraft_core_section_title\" data-id=\"749655a\" data-element_type=\"widget\" data-widget_type=\"cyclecraft_core_section_title.default\">\n\t\t\t\t<div class=\"elementor-widget-container\">\n\t\t\t\t\t<div class=\"qodef-shortcode qodef-m qodef-section-title qodef-alignment--left\">\n\t\t\t<h3 class=\"qodef-m-title\" >\n\t\t\t\t\tKontaktiert uns gerne\t\t\t<\/h3>\n\t\t<p class=\"qodef-m-text\" style=\"margin-top: 22px\">Haben Sie Fragen oder m\u00f6chten Sie einen Termin vereinbaren? Kontaktieren Sie uns gerne! Wir freuen uns auf Ihre Nachricht oder Ihren Besuch bei Fahrzeug Bogner in Wei\u00dfenburg.<\/p>\n<\/div>\n\t\t\t\t<\/div>\n\t\t\t\t<\/div>\n\t\t\t\t<\/div>\n\t\t<div class=\"elementor-element elementor-element-b503a3e e-con-full e-flex e-con e-child\" data-id=\"b503a3e\" data-element_type=\"container\">\n\t\t\t\t<div class=\"elementor-element elementor-element-87babf4 elementor-widget elementor-widget-cyclecraft_core_icon_list_item\" data-id=\"87babf4\" data-element_type=\"widget\" data-widget_type=\"cyclecraft_core_icon_list_item.default\">\n\t\t\t\t<div class=\"elementor-widget-container\">\n\t\t\t\t\t<div class=\"qodef-icon-list-item qodef-icon--icon-pack\" >\n\t<p class=\"qodef-e-title\" >\n\t\t\t\t\t<a itemprop=\"url\" href=\"tel:+123456789\" target=\"_self\">\n\t\t\t\t\t<span class=\"qodef-e-title-inner\">\n\t\t\t\t<span class=\"qodef-shortcode qodef-m qodef-icon-holder qodef-layout--normal\"  style=\"margin: -2px 0px 0px 0px\">\t\t\t<span class=\"qodef-icon-elegant-icons icon_phone qodef-icon qodef-e\" style=\"\" ><\/span>\t<\/span>\t\t\t\t<span class=\"qodef-e-title-text\" style=\"margin: 0px 0px 0px 11px\">09141 90 11 7 - 0<\/span>\n\t\t\t<\/span>\n\t\t\t\t\t<\/a>\n\t\t\t<\/p>\n<\/div>\n\t\t\t\t<\/div>\n\t\t\t\t<\/div>\n\t\t\t\t<div class=\"elementor-element elementor-element-e131dfe elementor-widget elementor-widget-cyclecraft_core_icon_list_item\" data-id=\"e131dfe\" data-element_type=\"widget\" data-widget_type=\"cyclecraft_core_icon_list_item.default\">\n\t\t\t\t<div class=\"elementor-widget-container\">\n\t\t\t\t\t<div class=\"qodef-icon-list-item qodef-icon--icon-pack\" >\n\t<p class=\"qodef-e-title\" >\n\t\t\t\t\t<a itemprop=\"url\" href=\"http:\/\/info@fahrzeug-bogner.de\" target=\"_self\">\n\t\t\t\t\t<span class=\"qodef-e-title-inner\">\n\t\t\t\t<span class=\"qodef-shortcode qodef-m qodef-icon-holder qodef-layout--normal\"  style=\"margin: -2px 0px 0px 0px\">\t\t\t<span class=\"qodef-icon-elegant-icons icon_mail qodef-icon qodef-e\" style=\"\" ><\/span>\t<\/span>\t\t\t\t<span class=\"qodef-e-title-text\" style=\"margin: 0px 0px 0px 11px\">info@fahrzeug-bogner.de<\/span>\n\t\t\t<\/span>\n\t\t\t\t\t<\/a>\n\t\t\t<\/p>\n<\/div>\n\t\t\t\t<\/div>\n\t\t\t\t<\/div>\n\t\t\t\t<div class=\"elementor-element elementor-element-daac973 elementor-widget elementor-widget-cyclecraft_core_icon_list_item\" data-id=\"daac973\" data-element_type=\"widget\" data-widget_type=\"cyclecraft_core_icon_list_item.default\">\n\t\t\t\t<div class=\"elementor-widget-container\">\n\t\t\t\t\t<div class=\"qodef-icon-list-item qodef-icon--icon-pack\" >\n\t<p class=\"qodef-e-title\" >\n\t\t\t\t\t<a itemprop=\"url\" href=\"https:\/\/www.google.com\/maps\/place\/425+W+53rd+St,+New+York,+NY+10019,+%D0%A1%D1%98%D0%B5%D0%B4%D0%B8%D1%9A%D0%B5%D0%BD%D0%B5+%D0%94%D1%80%D0%B6%D0%B0%D0%B2%D0%B5\/@40.762721,-74.0455628,11.83z\/data=!4m15!1m8!3m7!1s0x89c332594e723b79:0xf04ceb5cdfed56f8!2zMTggTWFuaGF0dGFuIEF2ZSwgTWlkZGxldG93biwgTlkgMTA5NDAsINCh0ZjQtdC00LjRmtC10L3QtSDQlNGA0LbQsNCy0LU!3b1!8m2!3d41.443236!4d-74.435381!16s%2Fg%2F11c5qh3yyt!3m5!1s0x89c25859fc5cce11:0x8d33f9c33eb35414!8m2!3d40.7658388!4d-73.988383!16s%2Fg%2F11b8v4rtyk?entry=ttu&#038;g_ep=EgoyMDI0MTIxMS4wIKXMDSoASAFQAw%3D%3D\" target=\"_blank\">\n\t\t\t\t\t<span class=\"qodef-e-title-inner\">\n\t\t\t\t<span class=\"qodef-shortcode qodef-m qodef-icon-holder qodef-layout--normal\"  style=\"margin: -3px 0px 0px 0px\">\t\t\t<span class=\"qodef-icon-elegant-icons icon_pin qodef-icon qodef-e\" style=\"\" ><\/span>\t<\/span>\t\t\t\t<span class=\"qodef-e-title-text\" style=\"margin: 0px 0px 0px 11px\">Eichst\u00e4tter Stra\u00dfe 35\/37, 91781 Wei\u00dfenburg in Bayern<\/span>\n\t\t\t<\/span>\n\t\t\t\t\t<\/a>\n\t\t\t<\/p>\n<\/div>\n\t\t\t\t<\/div>\n\t\t\t\t<\/div>\n\t\t\t\t<\/div>\n\t\t\t\t<\/div>\n\t\t<div class=\"elementor-element elementor-element-cd449f4 e-con-full e-flex e-con e-child\" data-id=\"cd449f4\" data-element_type=\"container\">\n\t\t\t\t<div class=\"elementor-element elementor-element-916cbbe elementor-widget elementor-widget-wp-widget-cyclecraft_core_contact_form_7\" data-id=\"916cbbe\" data-element_type=\"widget\" data-widget_type=\"wp-widget-cyclecraft_core_contact_form_7.default\">\n\t\t\t\t<div class=\"elementor-widget-container\">\n\t\t\t\t\t\t\t\t<div class=\"qodef-contact-form-7 qodef-alignment--left\">\n\t\t\t\t\n<div class=\"wpcf7 no-js\" id=\"wpcf7-f3235-o1\" lang=\"en-US\" dir=\"ltr\" data-wpcf7-id=\"3235\">\n<div class=\"screen-reader-response\"><p role=\"status\" aria-live=\"polite\" aria-atomic=\"true\"><\/p> <ul><\/ul><\/div>\n<form action=\"\/fahrzeug-bogner\/wp-json\/wp\/v2\/pages\/2524#wpcf7-f3235-o1\" method=\"post\" class=\"wpcf7-form init\" aria-label=\"Contact form\" novalidate=\"novalidate\" data-status=\"init\">\n<fieldset class=\"hidden-fields-container\"><input type=\"hidden\" name=\"_wpcf7\" value=\"3235\" \/><input type=\"hidden\" name=\"_wpcf7_version\" value=\"6.1\" \/><input type=\"hidden\" name=\"_wpcf7_locale\" value=\"en_US\" \/><input type=\"hidden\" name=\"_wpcf7_unit_tag\" value=\"wpcf7-f3235-o1\" \/><input type=\"hidden\" name=\"_wpcf7_container_post\" value=\"0\" \/><input type=\"hidden\" name=\"_wpcf7_posted_data_hash\" value=\"\" \/>\n<\/fieldset>\n<div class=\"qodef-contact-form\">\n\n<span class=\"wpcf7-form-control-wrap\" data-name=\"your-message\"><textarea cols=\"40\" rows=\"10\" maxlength=\"2000\" class=\"wpcf7-form-control wpcf7-textarea\" aria-invalid=\"false\" placeholder=\"Message\" name=\"your-message\"><\/textarea><\/span>\n\n<div class=\"qodef-grid qodef-col-num--2 qodef-gutter--tiny qodef-responsive--custom qodef-col-num--880--1\">\n\n<div class=\"qodef-grid-inner\">\n\n<div class=\"qodef-grid-item\">\n\n<span class=\"wpcf7-form-control-wrap\" data-name=\"your-name\"><input size=\"40\" maxlength=\"400\" class=\"wpcf7-form-control wpcf7-text wpcf7-validates-as-required\" autocomplete=\"name\" aria-required=\"true\" aria-invalid=\"false\" placeholder=\"Name\" value=\"\" type=\"text\" name=\"your-name\" \/><\/span>\n\n<\/div>\n\n<div class=\"qodef-grid-item\">\n\n<span class=\"wpcf7-form-control-wrap\" data-name=\"your-email\"><input size=\"40\" maxlength=\"400\" class=\"wpcf7-form-control wpcf7-email wpcf7-validates-as-required wpcf7-text wpcf7-validates-as-email\" autocomplete=\"email\" aria-required=\"true\" aria-invalid=\"false\" placeholder=\"Email\" value=\"\" type=\"email\" name=\"your-email\" \/><\/span>\n\n<\/div>\n\n<\/div>\n\n<\/div>\n\n<span class=\"wpcf7-form-control-wrap\" data-name=\"save-name-email\"><span class=\"wpcf7-form-control wpcf7-checkbox\"><span class=\"wpcf7-list-item first last\"><label><input type=\"checkbox\" name=\"save-name-email[]\" value=\"Save my name, email, and website in this browser for the next time I comment.\" \/><span class=\"wpcf7-list-item-label\">Save my name, email, and website in this browser for the next time I comment.<\/span><\/label><\/span><\/span><\/span>\n \n<button class=\"wpcf7-form-control wpcf7-submit qodef-button qodef-size--normal qodef-layout--filled qodef-m\" type=\"submit\"><span class=\"qodef-m-text\" data-title=\"Send Messages\">Send Messages<\/span><\/button>\n\n<\/div><div class=\"wpcf7-response-output\" aria-hidden=\"true\"><\/div>\n<\/form>\n<\/div>\n\t\t\t<\/div>\n\t\t\t\t\t\t\t<\/div>\n\t\t\t\t<\/div>\n\t\t\t\t<\/div>\n\t\t\t\t<\/div>\n\t\t\t\t<\/div>\n\t\t","protected":false},"excerpt":{"rendered":"<p>Kontaktiert uns gerne Haben Sie Fragen oder m\u00f6chten Sie einen Termin vereinbaren? Kontaktieren Sie uns gerne! Wir freuen uns auf Ihre Nachricht oder Ihren Besuch bei Fahrzeug Bogner in Wei\u00dfenburg. 09141 90 11 7 &#8211; 0 info@fahrzeug-bogner.de Eichst\u00e4tter Stra\u00dfe 35\/37, 91781 Wei\u00dfenburg in Bayern<\/p>\n","protected":false},"author":1,"featured_media":0,"parent":0,"menu_order":0,"comment_status":"closed","ping_status":"closed","template":"page-full-width.php","meta":{"footnotes":""},"class_list":["post-2524","page","type-page","status-publish","hentry"],"_links":{"self":[{"href":"https:\/\/mediaagentur-weisslein-testserver.de\/fahrzeug-bogner\/wp-json\/wp\/v2\/pages\/2524","targetHints":{"allow":["GET"]}}],"collection":[{"href":"https:\/\/mediaagentur-weisslein-testserver.de\/fahrzeug-bogner\/wp-json\/wp\/v2\/pages"}],"about":[{"href":"https:\/\/mediaagentur-weisslein-testserver.de\/fahrzeug-bogner\/wp-json\/wp\/v2\/types\/page"}],"author":[{"embeddable":true,"href":"https:\/\/mediaagentur-weisslein-testserver.de\/fahrzeug-bogner\/wp-json\/wp\/v2\/users\/1"}],"replies":[{"embeddable":true,"href":"https:\/\/mediaagentur-weisslein-testserver.de\/fahrzeug-bogner\/wp-json\/wp\/v2\/comments?post=2524"}],"version-history":[{"count":7,"href":"https:\/\/mediaagentur-weisslein-testserver.de\/fahrzeug-bogner\/wp-json\/wp\/v2\/pages\/2524\/revisions"}],"predecessor-version":[{"id":5369,"href":"https:\/\/mediaagentur-weisslein-testserver.de\/fahrzeug-bogner\/wp-json\/wp\/v2\/pages\/2524\/revisions\/5369"}],"wp:attachment":[{"href":"https:\/\/mediaagentur-weisslein-testserver.de\/fahrzeug-bogner\/wp-json\/wp\/v2\/media?parent=2524"}],"curies":[{"name":"wp","href":"https:\/\/api.w.org\/{rel}","templated":true}]}}